{"id":3429,"date":"2017-07-02T16:54:49","date_gmt":"2017-07-02T14:54:49","guid":{"rendered":"http:\/\/drselberdinger.de\/?page_id=3429"},"modified":"2022-02-28T18:55:00","modified_gmt":"2022-02-28T16:55:00","slug":"unsere-praxis","status":"publish","type":"page","link":"http:\/\/drkirnich-drboros.de\/?page_id=3429","title":{"rendered":"Unsere Praxis"},"content":{"rendered":"<div style='padding-bottom:10px;color:#658529;font-size:22px;' class='av-special-heading av-special-heading-h6 custom-color-heading blockquote modern-quote   av-inherit-size'><h6 class='av-special-heading-tag'  itemprop=\"headline\"  >Sie suchen einen kompetenten, vertrauensvollen Ansprechpartner f\u00fcr Gesundheitsfragen aller Art?<\/h6><div class='special-heading-border'><div class='special-heading-inner-border' style='border-color:#658529'><\/div><\/div><\/div>\n<div style=' margin-top:30px; margin-bottom:30px;'  class='hr hr-custom hr-center hr-icon-no '><span class='hr-inner   inner-border-av-border-thin' style=' width:50px;' ><span class='hr-inner-style'><\/span><\/span><\/div>\n<div class=\"flex_column av_two_third  flex_column_div av-zero-column-padding first  \" style='border-radius:0px; '><section class=\"av_textblock_section\"  itemscope=\"itemscope\" itemtype=\"https:\/\/schema.org\/CreativeWork\" ><div class='avia_textblock '   itemprop=\"text\" ><p>In unseren <strong>modernen Praxisr\u00e4umen im Herzen von Alt\u00f6tting<\/strong> bieten wir Ihnen <strong>medizinisch hochqualifizierte Beratung, Diagnostik und Therapie<\/strong>, nach neuesten wissenschaftlichen Erkenntnissen.<\/p>\n<p>Um Ihnen eine <strong>umfassende, ganzheitliche und individuelle Therapie<\/strong> anzubieten, erg\u00e4nzen wir unser allgemeinmedizinisches Angebot durch naturheilkundliche Verfahren (insbesondere Phytotherapie und Akupunktur) als alleinige oder erg\u00e4nzende Therapie.<\/p>\n<\/div><\/section><\/div>\n<div class=\"flex_column av_one_third  flex_column_div av-zero-column-padding   \" style='border-radius:0px; '><div class='avia-image-container  av-styling-   avia-align-center '  itemscope=\"itemscope\" itemtype=\"https:\/\/schema.org\/ImageObject\"  ><div class='avia-image-container-inner'><img class='avia_image ' src='http:\/\/drkirnich-drboros.de\/wp-content\/uploads\/2017\/07\/Praxis-0005-1030x688.jpg' alt='' title='View More: http:\/\/imphoto.pass.us\/verena_ben'   itemprop=\"thumbnailUrl\"  \/><\/div><\/div><\/div>\n<div class=\"flex_column av_two_third  flex_column_div av-zero-column-padding first  \" style='border-radius:0px; '><section class=\"av_textblock_section\"  itemscope=\"itemscope\" itemtype=\"https:\/\/schema.org\/CreativeWork\" ><div class='avia_textblock '   itemprop=\"text\" ><p>Wir bieten Ihnen eine <strong>pers\u00f6nliche und vertrauensvolle Atmosph\u00e4re<\/strong> mit einem kompetenten und engagierten Praxisteam.<\/p>\n<p>Durch unsere <strong>offene Sprechstunde und Hausbesuche<\/strong> (sofern ein Praxisbesuch nicht m\u00f6glich ist, da diagnostische und therapeutische Optionen au\u00dferhalb der Praxis limitiert sind) garantieren wir Ihnen eine unmittelbare Behandlung Ihrer Beschwerden.<\/p>\n<p>Mittels <strong>Qualit\u00e4tsmanagement ist eine st\u00e4ndige Weiterentwicklung<\/strong> gew\u00e4hrleistet. Dadurch k\u00f6nnen sich unsere Patienten stets sicher sein, dass s\u00e4mtliche qualitative Anforderungen und Standards eingehalten und erf\u00fcllt werden.<\/p>\n<\/div><\/section><\/div>\n<div class=\"flex_column av_one_third  flex_column_div av-zero-column-padding   \" style='border-radius:0px; '><div class='avia-image-container  av-styling-   avia-align-center '  itemscope=\"itemscope\" itemtype=\"https:\/\/schema.org\/ImageObject\"  ><div class='avia-image-container-inner'><img class='avia_image ' src='http:\/\/drkirnich-drboros.de\/wp-content\/uploads\/2017\/07\/Praxis-0037-1030x562.jpg' alt='' title='View More: http:\/\/imphoto.pass.us\/verena_ben'   itemprop=\"thumbnailUrl\"  \/><\/div><\/div><\/div>\n<div style=' margin-top:30px; margin-bottom:30px;'  class='hr hr-custom hr-center hr-icon-no '><span class='hr-inner   inner-border-av-border-thin' style=' width:50px;' ><span class='hr-inner-style'><\/span><\/span><\/div>\n<div style='padding-bottom:10px;color:#658529;font-size:24px;' class='av-special-heading av-special-heading-h6 custom-color-heading blockquote modern-quote   av-inherit-size'><h6 class='av-special-heading-tag'  itemprop=\"headline\"  >Praxisimpressionen<\/h6><div class='special-heading-border'><div class='special-heading-inner-border' style='border-color:#658529'><\/div><\/div><\/div>\n<div style=' margin-top:30px; margin-bottom:30px;'  class='hr hr-custom hr-center hr-icon-no '><span class='hr-inner   inner-border-av-border-thin' style=' width:50px;' ><span class='hr-inner-style'><\/span><\/span><\/div>\n<div class=\"flex_column av_one_fifth  flex_column_div av-zero-column-padding first  \" style='border-radius:0px; '><\/div>\n<div class=\"flex_column av_three_fifth  flex_column_div av-zero-column-padding   \" style='border-radius:0px; '><div id='av-masonry-1' class='av-masonry noHover av-fixed-size av-large-gap av-hover-overlay-active av-masonry-col-flexible av-caption-always av-caption-style- av-masonry-gallery    '  ><div class='av-masonry-container isotope av-js-disabled ' ><div class='av-masonry-entry isotope-item av-masonry-item-no-image '><\/div><a href=\"http:\/\/drkirnich-drboros.de\/wp-content\/uploads\/2017\/07\/Praxis-0043-1030x683.jpg\" id='av-masonry-1-item-3458' data-av-masonry-item='3458' class='av-masonry-entry isotope-item post-3458 attachment type-attachment status-inherit hentry  av-masonry-item-with-image' title=\"Dr. med. Georg Selberdinger\"  itemprop=\"thumbnailUrl\" ><div class='av-inner-masonry-sizer'><\/div><figure class='av-inner-masonry main_color'><div class=\"av-masonry-outerimage-container\"><div class=\"av-masonry-image-container\" style=\"background-image: url(http:\/\/drkirnich-drboros.de\/wp-content\/uploads\/2017\/07\/Praxis-0043-705x468.jpg);\"><img src=\"http:\/\/drkirnich-drboros.de\/wp-content\/uploads\/2017\/07\/Praxis-0043-705x468.jpg\" title=\"View More: http:\/\/imphoto.pass.us\/verena_ben\" alt=\"\" \/><\/div><\/div><\/figure><\/a><!--end av-masonry entry--><a href=\"http:\/\/drkirnich-drboros.de\/wp-content\/uploads\/2017\/07\/Praxis-0042-6.jpg\" id='av-masonry-1-item-3467' data-av-masonry-item='3467' class='av-masonry-entry isotope-item post-3467 attachment type-attachment status-inherit hentry  av-masonry-item-with-image' title=\"Dr. med. Verena Kirnich\"  itemprop=\"thumbnailUrl\" ><div class='av-inner-masonry-sizer'><\/div><figure class='av-inner-masonry main_color'><div class=\"av-masonry-outerimage-container\"><div class=\"av-masonry-image-container\" style=\"background-image: url(http:\/\/drkirnich-drboros.de\/wp-content\/uploads\/2017\/07\/Praxis-0042-6-705x508.jpg);\"><img src=\"http:\/\/drkirnich-drboros.de\/wp-content\/uploads\/2017\/07\/Praxis-0042-6-705x508.jpg\" title=\"View More: http:\/\/imphoto.pass.us\/verena_ben\" alt=\"\" \/><\/div><\/div><\/figure><\/a><!--end av-masonry entry--><a href=\"http:\/\/drkirnich-drboros.de\/wp-content\/uploads\/2017\/07\/Praxis-0037-1030x562.jpg\" id='av-masonry-1-item-3456' data-av-masonry-item='3456' class='av-masonry-entry isotope-item post-3456 attachment type-attachment status-inherit hentry  av-masonry-item-with-image' title=\"Praxisteam\"  itemprop=\"thumbnailUrl\" ><div class='av-inner-masonry-sizer'><\/div><figure class='av-inner-masonry main_color'><div class=\"av-masonry-outerimage-container\"><div class=\"av-masonry-image-container\" style=\"background-image: url(http:\/\/drkirnich-drboros.de\/wp-content\/uploads\/2017\/07\/Praxis-0037-705x384.jpg);\"><img src=\"http:\/\/drkirnich-drboros.de\/wp-content\/uploads\/2017\/07\/Praxis-0037-705x384.jpg\" title=\"View More: http:\/\/imphoto.pass.us\/verena_ben\" alt=\"\" \/><\/div><\/div><\/figure><\/a><!--end av-masonry entry--><a href=\"http:\/\/drkirnich-drboros.de\/wp-content\/uploads\/2017\/07\/Praxis-0021-1030x688.jpg\" id='av-masonry-1-item-3448' data-av-masonry-item='3448' class='av-masonry-entry isotope-item post-3448 attachment type-attachment status-inherit hentry  av-masonry-item-with-image' title=\"Sprechzimmer\"  itemprop=\"thumbnailUrl\" ><div class='av-inner-masonry-sizer'><\/div><figure class='av-inner-masonry main_color'><div class=\"av-masonry-outerimage-container\"><div class=\"av-masonry-image-container\" style=\"background-image: url(http:\/\/drkirnich-drboros.de\/wp-content\/uploads\/2017\/07\/Praxis-0021-705x471.jpg);\"><img src=\"http:\/\/drkirnich-drboros.de\/wp-content\/uploads\/2017\/07\/Praxis-0021-705x471.jpg\" title=\"View More: http:\/\/imphoto.pass.us\/verena_ben\" alt=\"\" \/><\/div><\/div><\/figure><\/a><!--end av-masonry entry--><a href=\"http:\/\/drkirnich-drboros.de\/wp-content\/uploads\/2017\/07\/Praxis-0015-1030x688.jpg\" id='av-masonry-1-item-3447' data-av-masonry-item='3447' class='av-masonry-entry isotope-item post-3447 attachment type-attachment status-inherit hentry  av-masonry-item-with-image' title=\"Wartezimmer\"  itemprop=\"thumbnailUrl\" ><div class='av-inner-masonry-sizer'><\/div><figure class='av-inner-masonry main_color'><div class=\"av-masonry-outerimage-container\"><div class=\"av-masonry-image-container\" style=\"background-image: url(http:\/\/drkirnich-drboros.de\/wp-content\/uploads\/2017\/07\/Praxis-0015-705x471.jpg);\"><img src=\"http:\/\/drkirnich-drboros.de\/wp-content\/uploads\/2017\/07\/Praxis-0015-705x471.jpg\" title=\"View More: http:\/\/imphoto.pass.us\/verena_ben\" alt=\"\" \/><\/div><\/div><\/figure><\/a><!--end av-masonry entry--><a href=\"http:\/\/drkirnich-drboros.de\/wp-content\/uploads\/2017\/07\/Praxis-0006-1030x674.jpg\" id='av-masonry-1-item-3443' data-av-masonry-item='3443' class='av-masonry-entry isotope-item post-3443 attachment type-attachment status-inherit hentry  av-masonry-item-with-image' title=\"Anmeldung\"  itemprop=\"thumbnailUrl\" ><div class='av-inner-masonry-sizer'><\/div><figure class='av-inner-masonry main_color'><div class=\"av-masonry-outerimage-container\"><div class=\"av-masonry-image-container\" style=\"background-image: url(http:\/\/drkirnich-drboros.de\/wp-content\/uploads\/2017\/07\/Praxis-0006-705x461.jpg);\"><img src=\"http:\/\/drkirnich-drboros.de\/wp-content\/uploads\/2017\/07\/Praxis-0006-705x461.jpg\" title=\"View More: http:\/\/imphoto.pass.us\/verena_ben\" alt=\"\" \/><\/div><\/div><\/figure><\/a><!--end av-masonry entry--><a href=\"http:\/\/drkirnich-drboros.de\/wp-content\/uploads\/2017\/07\/Praxis-0014-1030x688.jpg\" id='av-masonry-1-item-3446' data-av-masonry-item='3446' class='av-masonry-entry isotope-item post-3446 attachment type-attachment status-inherit hentry  av-masonry-item-with-image' title=\"Funktionsdiagnostik\"  itemprop=\"thumbnailUrl\" ><div class='av-inner-masonry-sizer'><\/div><figure class='av-inner-masonry main_color'><div class=\"av-masonry-outerimage-container\"><div class=\"av-masonry-image-container\" style=\"background-image: url(http:\/\/drkirnich-drboros.de\/wp-content\/uploads\/2017\/07\/Praxis-0014-705x471.jpg);\"><img src=\"http:\/\/drkirnich-drboros.de\/wp-content\/uploads\/2017\/07\/Praxis-0014-705x471.jpg\" title=\"View More: http:\/\/imphoto.pass.us\/verena_ben\" alt=\"\" \/><\/div><\/div><\/figure><\/a><!--end av-masonry entry--><a href=\"http:\/\/drkirnich-drboros.de\/wp-content\/uploads\/2017\/07\/Praxis-0013-1.jpg\" id='av-masonry-1-item-3469' data-av-masonry-item='3469' class='av-masonry-entry isotope-item post-3469 attachment type-attachment status-inherit hentry  av-masonry-item-with-image' title=\"Behandlungsraum\"  itemprop=\"thumbnailUrl\" ><div class='av-inner-masonry-sizer'><\/div><figure class='av-inner-masonry main_color'><div class=\"av-masonry-outerimage-container\"><div class=\"av-masonry-image-container\" style=\"background-image: url(http:\/\/drkirnich-drboros.de\/wp-content\/uploads\/2017\/07\/Praxis-0013-1-705x578.jpg);\"><img src=\"http:\/\/drkirnich-drboros.de\/wp-content\/uploads\/2017\/07\/Praxis-0013-1-705x578.jpg\" title=\"View More: http:\/\/imphoto.pass.us\/verena_ben\" alt=\"\" \/><\/div><\/div><\/figure><\/a><!--end av-masonry entry--><a href=\"http:\/\/drkirnich-drboros.de\/wp-content\/uploads\/2017\/07\/Praxis-0024-1030x688.jpg\" id='av-masonry-1-item-3451' data-av-masonry-item='3451' class='av-masonry-entry isotope-item post-3451 attachment type-attachment status-inherit hentry  av-masonry-item-with-image' title=\"Wartezimmer\"  itemprop=\"thumbnailUrl\" ><div class='av-inner-masonry-sizer'><\/div><figure class='av-inner-masonry main_color'><div class=\"av-masonry-outerimage-container\"><div class=\"av-masonry-image-container\" style=\"background-image: url(http:\/\/drkirnich-drboros.de\/wp-content\/uploads\/2017\/07\/Praxis-0024-705x471.jpg);\"><img src=\"http:\/\/drkirnich-drboros.de\/wp-content\/uploads\/2017\/07\/Praxis-0024-705x471.jpg\" title=\"View More: http:\/\/imphoto.pass.us\/verena_ben\" alt=\"\" \/><\/div><\/div><\/figure><\/a><!--end av-masonry entry--><a href=\"http:\/\/drkirnich-drboros.de\/wp-content\/uploads\/2017\/07\/Praxis-0009-1.jpg\" id='av-masonry-1-item-3468' data-av-masonry-item='3468' class='av-masonry-entry isotope-item post-3468 attachment type-attachment status-inherit hentry  av-masonry-item-with-image' title=\"Praxis\"  itemprop=\"thumbnailUrl\" ><div class='av-inner-masonry-sizer'><\/div><figure class='av-inner-masonry main_color'><div class=\"av-masonry-outerimage-container\"><div class=\"av-masonry-image-container\" style=\"background-image: url(http:\/\/drkirnich-drboros.de\/wp-content\/uploads\/2017\/07\/Praxis-0009-1-705x502.jpg);\"><img src=\"http:\/\/drkirnich-drboros.de\/wp-content\/uploads\/2017\/07\/Praxis-0009-1-705x502.jpg\" title=\"View More: http:\/\/imphoto.pass.us\/verena_ben\" alt=\"\" \/><\/div><\/div><\/figure><\/a><!--end av-masonry entry--><a href=\"http:\/\/drkirnich-drboros.de\/wp-content\/uploads\/2017\/07\/Praxis-0005-1030x688.jpg\" id='av-masonry-1-item-3442' data-av-masonry-item='3442' class='av-masonry-entry isotope-item post-3442 attachment type-attachment status-inherit hentry  av-masonry-item-with-image' title=\"Anmeldung\"  itemprop=\"thumbnailUrl\" ><div class='av-inner-masonry-sizer'><\/div><figure class='av-inner-masonry main_color'><div class=\"av-masonry-outerimage-container\"><div class=\"av-masonry-image-container\" style=\"background-image: url(http:\/\/drkirnich-drboros.de\/wp-content\/uploads\/2017\/07\/Praxis-0005-705x471.jpg);\"><img src=\"http:\/\/drkirnich-drboros.de\/wp-content\/uploads\/2017\/07\/Praxis-0005-705x471.jpg\" title=\"View More: http:\/\/imphoto.pass.us\/verena_ben\" alt=\"\" \/><\/div><\/div><\/figure><\/a><!--end av-masonry entry--><a href=\"http:\/\/drkirnich-drboros.de\/wp-content\/uploads\/2013\/04\/Praxisgebaeude-1030x687.jpg\" id='av-masonry-1-item-3401' data-av-masonry-item='3401' class='av-masonry-entry isotope-item post-3401 attachment type-attachment status-inherit hentry  av-masonry-item-with-image' title=\"Praxisgeb\u00e4ude\"  itemprop=\"thumbnailUrl\" ><div class='av-inner-masonry-sizer'><\/div><figure class='av-inner-masonry main_color'><div class=\"av-masonry-outerimage-container\"><div class=\"av-masonry-image-container\" style=\"background-image: url(http:\/\/drkirnich-drboros.de\/wp-content\/uploads\/2013\/04\/Praxisgebaeude-705x470.jpg);\"><img src=\"http:\/\/drkirnich-drboros.de\/wp-content\/uploads\/2013\/04\/Praxisgebaeude-705x470.jpg\" title=\"Praxisgebaeude\" alt=\"\" \/><\/div><\/div><\/figure><\/a><!--end av-masonry entry--><a href=\"http:\/\/drkirnich-drboros.de\/wp-content\/uploads\/2017\/07\/Praxis-0033-1030x688.jpg\" id='av-masonry-1-item-3455' data-av-masonry-item='3455' class='av-masonry-entry isotope-item post-3455 attachment type-attachment status-inherit hentry  av-masonry-item-with-image' title=\"Ultraschalldiagnostik Bauchraum\"  itemprop=\"thumbnailUrl\" ><div class='av-inner-masonry-sizer'><\/div><figure class='av-inner-masonry main_color'><div class=\"av-masonry-outerimage-container\"><div class=\"av-masonry-image-container\" style=\"background-image: url(http:\/\/drkirnich-drboros.de\/wp-content\/uploads\/2017\/07\/Praxis-0033-705x471.jpg);\"><img src=\"http:\/\/drkirnich-drboros.de\/wp-content\/uploads\/2017\/07\/Praxis-0033-705x471.jpg\" title=\"View More: http:\/\/imphoto.pass.us\/verena_ben\" alt=\"\" \/><\/div><\/div><\/figure><\/a><!--end av-masonry entry--><a href=\"http:\/\/drkirnich-drboros.de\/wp-content\/uploads\/2017\/07\/Praxis-0029-1030x688.jpg\" id='av-masonry-1-item-3454' data-av-masonry-item='3454' class='av-masonry-entry isotope-item post-3454 attachment type-attachment status-inherit hentry  av-masonry-item-with-image' title=\"UItraschall Gelenke\"  itemprop=\"thumbnailUrl\" ><div class='av-inner-masonry-sizer'><\/div><figure class='av-inner-masonry main_color'><div class=\"av-masonry-outerimage-container\"><div class=\"av-masonry-image-container\" style=\"background-image: url(http:\/\/drkirnich-drboros.de\/wp-content\/uploads\/2017\/07\/Praxis-0029-705x471.jpg);\"><img src=\"http:\/\/drkirnich-drboros.de\/wp-content\/uploads\/2017\/07\/Praxis-0029-705x471.jpg\" title=\"View More: http:\/\/imphoto.pass.us\/verena_ben\" alt=\"\" \/><\/div><\/div><\/figure><\/a><!--end av-masonry entry--><a href=\"http:\/\/drkirnich-drboros.de\/wp-content\/uploads\/2017\/07\/Praxis-0028-1030x688.jpg\" id='av-masonry-1-item-3453' data-av-masonry-item='3453' class='av-masonry-entry isotope-item post-3453 attachment type-attachment status-inherit hentry  av-masonry-item-with-image' title=\"Akupunktur mit Dauernadeln\"  itemprop=\"thumbnailUrl\" ><div class='av-inner-masonry-sizer'><\/div><figure class='av-inner-masonry main_color'><div class=\"av-masonry-outerimage-container\"><div class=\"av-masonry-image-container\" style=\"background-image: url(http:\/\/drkirnich-drboros.de\/wp-content\/uploads\/2017\/07\/Praxis-0028-705x471.jpg);\"><img src=\"http:\/\/drkirnich-drboros.de\/wp-content\/uploads\/2017\/07\/Praxis-0028-705x471.jpg\" title=\"View More: http:\/\/imphoto.pass.us\/verena_ben\" alt=\"\" \/><\/div><\/div><\/figure><\/a><!--end av-masonry entry--><a href=\"http:\/\/drkirnich-drboros.de\/wp-content\/uploads\/2017\/07\/Praxis-0026-1030x688.jpg\" id='av-masonry-1-item-3452' data-av-masonry-item='3452' class='av-masonry-entry isotope-item post-3452 attachment type-attachment status-inherit hentry  av-masonry-item-with-image' title=\"Kinesiotaping\"  itemprop=\"thumbnailUrl\" ><div class='av-inner-masonry-sizer'><\/div><figure class='av-inner-masonry main_color'><div class=\"av-masonry-outerimage-container\"><div class=\"av-masonry-image-container\" style=\"background-image: url(http:\/\/drkirnich-drboros.de\/wp-content\/uploads\/2017\/07\/Praxis-0026-705x471.jpg);\"><img src=\"http:\/\/drkirnich-drboros.de\/wp-content\/uploads\/2017\/07\/Praxis-0026-705x471.jpg\" title=\"View More: http:\/\/imphoto.pass.us\/verena_ben\" alt=\"\" \/><\/div><\/div><\/figure><\/a><!--end av-masonry entry--><a href=\"http:\/\/drkirnich-drboros.de\/wp-content\/uploads\/2017\/07\/Praxis-0023-688x1030.jpg\" id='av-masonry-1-item-3450' data-av-masonry-item='3450' class='av-masonry-entry isotope-item post-3450 attachment type-attachment status-inherit hentry  av-masonry-item-with-image' title=\"Elektrotherapie\"  itemprop=\"thumbnailUrl\" ><div class='av-inner-masonry-sizer'><\/div><figure class='av-inner-masonry main_color'><div class=\"av-masonry-outerimage-container\"><div class=\"av-masonry-image-container\" style=\"background-image: url(http:\/\/drkirnich-drboros.de\/wp-content\/uploads\/2017\/07\/Praxis-0023-471x705.jpg);\"><img src=\"http:\/\/drkirnich-drboros.de\/wp-content\/uploads\/2017\/07\/Praxis-0023-471x705.jpg\" title=\"View More: http:\/\/imphoto.pass.us\/verena_ben\" alt=\"\" \/><\/div><\/div><\/figure><\/a><!--end av-masonry entry--><a href=\"http:\/\/drkirnich-drboros.de\/wp-content\/uploads\/2017\/07\/Praxis-0022-1030x688.jpg\" id='av-masonry-1-item-3449' data-av-masonry-item='3449' class='av-masonry-entry isotope-item post-3449 attachment type-attachment status-inherit hentry  av-masonry-item-with-image' title=\"Hom\u00f6opathie\"  itemprop=\"thumbnailUrl\" ><div class='av-inner-masonry-sizer'><\/div><figure class='av-inner-masonry main_color'><div class=\"av-masonry-outerimage-container\"><div class=\"av-masonry-image-container\" style=\"background-image: url(http:\/\/drkirnich-drboros.de\/wp-content\/uploads\/2017\/07\/Praxis-0022-705x471.jpg);\"><img src=\"http:\/\/drkirnich-drboros.de\/wp-content\/uploads\/2017\/07\/Praxis-0022-705x471.jpg\" title=\"View More: http:\/\/imphoto.pass.us\/verena_ben\" alt=\"\" \/><\/div><\/div><\/figure><\/a><!--end av-masonry entry--><\/div><\/div><\/div><div class=\"flex_column av_one_fifth  flex_column_div av-zero-column-padding   \" style='border-radius:0px; '><\/div><\/p>\n","protected":false},"excerpt":{"rendered":"","protected":false},"author":1,"featured_media":0,"parent":0,"menu_order":0,"comment_status":"closed","ping_status":"closed","template":"","meta":[],"_links":{"self":[{"href":"http:\/\/drkirnich-drboros.de\/index.php?rest_route=\/wp\/v2\/pages\/3429"}],"collection":[{"href":"http:\/\/drkirnich-drboros.de\/index.php?rest_route=\/wp\/v2\/pages"}],"about":[{"href":"http:\/\/drkirnich-drboros.de\/index.php?rest_route=\/wp\/v2\/types\/page"}],"author":[{"embeddable":true,"href":"http:\/\/drkirnich-drboros.de\/index.php?rest_route=\/wp\/v2\/users\/1"}],"replies":[{"embeddable":true,"href":"http:\/\/drkirnich-drboros.de\/index.php?rest_route=%2Fwp%2Fv2%2Fcomments&post=3429"}],"version-history":[{"count":23,"href":"http:\/\/drkirnich-drboros.de\/index.php?rest_route=\/wp\/v2\/pages\/3429\/revisions"}],"predecessor-version":[{"id":3626,"href":"http:\/\/drkirnich-drboros.de\/index.php?rest_route=\/wp\/v2\/pages\/3429\/revisions\/3626"}],"wp:attachment":[{"href":"http:\/\/drkirnich-drboros.de\/index.php?rest_route=%2Fwp%2Fv2%2Fmedia&parent=3429"}],"curies":[{"name":"wp","href":"https:\/\/api.w.org\/{rel}","templated":true}]}}