{"id":3423,"date":"2017-07-02T16:41:08","date_gmt":"2017-07-02T14:41:08","guid":{"rendered":"http:\/\/drselberdinger.de\/?page_id=3423"},"modified":"2022-02-28T19:20:38","modified_gmt":"2022-02-28T17:20:38","slug":"notfall","status":"publish","type":"page","link":"http:\/\/drkirnich-drboros.de\/?page_id=3423","title":{"rendered":"Notfall"},"content":{"rendered":"<div style='padding-bottom:10px;color:#658529;font-size:28px;' class='av-special-heading av-special-heading-h6 custom-color-heading blockquote modern-quote   av-inherit-size'><h6 class='av-special-heading-tag'  itemprop=\"headline\"  >Ansprechpartner f\u00fcr Notf\u00e4lle<\/h6><div class='special-heading-border'><div class='special-heading-inner-border' style='border-color:#658529'><\/div><\/div><\/div>\n<div class='avia-icon-list-container '><ul class='avia-icon-list avia-icon-list-left av-iconlist-big avia_animate_when_almost_visible'>\n<li><div  style='background-color:#658529; ' class='iconlist_icon  avia-font-entypo-fontello'><span class='iconlist-char' aria-hidden='true' data-av_icon='\ue818' data-av_iconfont='entypo-fontello'><\/span><\/div><article class=\"article-icon-entry \"  itemscope=\"itemscope\" itemtype=\"https:\/\/schema.org\/CreativeWork\" ><div class='iconlist_content_wrap'><header class=\"entry-content-header\"><h4 class='av_iconlist_title iconlist_title av_inherit_color'  itemprop=\"headline\"   style='color:#658529; '>\u00c4rztlicher Bereitschaftsdienst<\/h4><\/header><div class='iconlist_content '  itemprop=\"text\"  ><p>Bei dringenden Erkrankungen au\u00dferhalb unserer Sprechstunden kontaktieren Sie bitte den \u00e4rztlichen Bereitschaftsdienst \u00fcber die Telefonnummer 116117<\/p>\n<\/div><\/div><footer class=\"entry-footer\"><\/footer><\/article><div class='iconlist-timeline'><\/div><\/li>\n<li><div  style='background-color:#658529; ' class='iconlist_icon  avia-font-entypo-fontello'><span class='iconlist-char' aria-hidden='true' data-av_icon='\ue818' data-av_iconfont='entypo-fontello'><\/span><\/div><article class=\"article-icon-entry \"  itemscope=\"itemscope\" itemtype=\"https:\/\/schema.org\/CreativeWork\" ><div class='iconlist_content_wrap'><header class=\"entry-content-header\"><h4 class='av_iconlist_title iconlist_title av_inherit_color'  itemprop=\"headline\"   style='color:#658529; '>Notarzt<\/h4><\/header><div class='iconlist_content '  itemprop=\"text\"  ><p>Bei lebensbedrohlichen Erkrankungen oder Notf\u00e4llen rufen Sie bitte den Notarzt unter 112<\/p>\n<\/div><\/div><footer class=\"entry-footer\"><\/footer><\/article><div class='iconlist-timeline'><\/div><\/li>\n<li><div  style='background-color:#658529; ' class='iconlist_icon  avia-font-entypo-fontello'><span class='iconlist-char' aria-hidden='true' data-av_icon='\ue818' data-av_iconfont='entypo-fontello'><\/span><\/div><article class=\"article-icon-entry \"  itemscope=\"itemscope\" itemtype=\"https:\/\/schema.org\/CreativeWork\" ><div class='iconlist_content_wrap'><header class=\"entry-content-header\"><h4 class='av_iconlist_title iconlist_title av_inherit_color'  itemprop=\"headline\"   style='color:#658529; '>Giftnotruf<\/h4><\/header><div class='iconlist_content '  itemprop=\"text\"  ><p>Bei Vergiftungen von Erwachsenen oder Kindern rufen Sie bitte den Giftnotruf unter 089\/19240<\/p>\n<\/div><\/div><footer class=\"entry-footer\"><\/footer><\/article><div class='iconlist-timeline'><\/div><\/li>\n<li><div  style='background-color:#658529; ' class='iconlist_icon  avia-font-entypo-fontello'><span class='iconlist-char' aria-hidden='true' data-av_icon='\ue818' data-av_iconfont='entypo-fontello'><\/span><\/div><article class=\"article-icon-entry \"  itemscope=\"itemscope\" itemtype=\"https:\/\/schema.org\/CreativeWork\" ><div class='iconlist_content_wrap'><header class=\"entry-content-header\"><h4 class='av_iconlist_title iconlist_title av_inherit_color'  itemprop=\"headline\"   style='color:#658529; '>Psychiatrischer Kriesendienst<\/h4><\/header><div class='iconlist_content '  itemprop=\"text\"  ><p>In psychischen Notsituation wenden Sie sich bitte an die psychiatrische Soforthilfe unter 0180\/6553000 (kostenpflichtig)<\/p>\n<p><a href=\"https:\/\/www.krisendienste.bayern\/oberbayern\/\" target=\"_blank\" rel=\"noopener noreferrer\">Psychiatrischer Krisendienst<\/a><\/p>\n<\/div><\/div><footer class=\"entry-footer\"><\/footer><\/article><div class='iconlist-timeline'><\/div><\/li>\n<\/ul><\/div>\n","protected":false},"excerpt":{"rendered":"","protected":false},"author":1,"featured_media":0,"parent":0,"menu_order":0,"comment_status":"closed","ping_status":"closed","template":"","meta":[],"_links":{"self":[{"href":"http:\/\/drkirnich-drboros.de\/index.php?rest_route=\/wp\/v2\/pages\/3423"}],"collection":[{"href":"http:\/\/drkirnich-drboros.de\/index.php?rest_route=\/wp\/v2\/pages"}],"about":[{"href":"http:\/\/drkirnich-drboros.de\/index.php?rest_route=\/wp\/v2\/types\/page"}],"author":[{"embeddable":true,"href":"http:\/\/drkirnich-drboros.de\/index.php?rest_route=\/wp\/v2\/users\/1"}],"replies":[{"embeddable":true,"href":"http:\/\/drkirnich-drboros.de\/index.php?rest_route=%2Fwp%2Fv2%2Fcomments&post=3423"}],"version-history":[{"count":5,"href":"http:\/\/drkirnich-drboros.de\/index.php?rest_route=\/wp\/v2\/pages\/3423\/revisions"}],"predecessor-version":[{"id":3635,"href":"http:\/\/drkirnich-drboros.de\/index.php?rest_route=\/wp\/v2\/pages\/3423\/revisions\/3635"}],"wp:attachment":[{"href":"http:\/\/drkirnich-drboros.de\/index.php?rest_route=%2Fwp%2Fv2%2Fmedia&parent=3423"}],"curies":[{"name":"wp","href":"https:\/\/api.w.org\/{rel}","templated":true}]}}