{"id":3372,"date":"2017-06-05T13:14:36","date_gmt":"2017-06-05T11:14:36","guid":{"rendered":"http:\/\/drselberdinger.de\/?page_id=3372"},"modified":"2022-02-28T19:02:14","modified_gmt":"2022-02-28T17:02:14","slug":"leistungsspektrum","status":"publish","type":"page","link":"http:\/\/drkirnich-drboros.de\/?page_id=3372","title":{"rendered":"Leistungsspektrum"},"content":{"rendered":"<div style='padding-bottom:10px;color:#658529;font-size:28px;' class='av-special-heading av-special-heading-h6 custom-color-heading blockquote modern-quote  av-inherit-size'><h6 class='av-special-heading-tag'  itemprop=\"headline\"  >Ziel ist die individuell abgestimmte, ganzheitliche \u00e4rztliche Betreuung<\/h6><div class='special-heading-border'><div class='special-heading-inner-border' style='border-color:#658529'><\/div><\/div><\/div>\n<section class=\"av_textblock_section\"  itemscope=\"itemscope\" itemtype=\"https:\/\/schema.org\/CreativeWork\" ><div class='avia_textblock '   itemprop=\"text\" ><p>Unser Anspruch ist eine <strong>bestm\u00f6gliche medizinische Versorgung<\/strong> f\u00fcr alle Patienten, die sich uns anvertrauen. Die Ber\u00fccksichtigung des Zusammenspiels von K\u00f6rper, Geist und Seele ist hierbei f\u00fcr uns selbstverst\u00e4ndlich.<\/p>\n<p>Um die Erkrankungen in ihrer Komplexit\u00e4t zu erfassen, nehmen wir uns <strong>Zeit zum Zuh\u00f6ren<\/strong>, aber auch um <strong>ausf\u00fchrlich zu beraten und aufzukl\u00e4ren<\/strong>.<\/p>\n<p>Gemeinsam mit Ihnen m\u00f6chten wir die f\u00fcr Sie<strong> optimale L\u00f6sung<\/strong> aus verschiedenen Therapiem\u00f6glichkeiten der <strong>klassischen Schulmedizin <\/strong>und der <strong>Komplement\u00e4rmedizin<\/strong> w\u00e4hlen.<\/p>\n<p>Um Ihre Gesundheit zu erhalten und zu f\u00f6rdern, liegt uns auch die <strong>Pr\u00e4vention<\/strong> mittels regelm\u00e4\u00dfiger Gesundheitsvorsorgeuntersuchungen und Impfungen, sowie Ern\u00e4hrungs- und Verhaltensempfehlungen am Herzen.<\/p>\n<p>Wir engagieren uns f\u00fcr Ihre Gesundheit, indem wir uns <strong>regelm\u00e4\u00dfig weiterbilden<\/strong>, um die neuesten wissenschaftlichen Erkenntnisse in unsere Behandlungsmethoden mit einflie\u00dfen zu lassen.<\/p>\n<p>Als <strong>Lehrpraxis der Technischen Universit\u00e4t M\u00fcnchen<\/strong> setzen wir uns auch f\u00fcr die Aus- und Weiterbildung ein.<\/p>\n<\/div><\/section>\n<div class='avia-icon-list-container '><ul class='avia-icon-list avia-icon-list-left av-iconlist-big avia_animate_when_almost_visible'>\n<li><div  style='background-color:#ffffff; color:#658529; ' class='iconlist_icon  avia-font-entypo-fontello'><span class='iconlist-char' aria-hidden='true' data-av_icon='\ue810' data-av_iconfont='entypo-fontello'><\/span><\/div><article class=\"article-icon-entry \"  itemscope=\"itemscope\" itemtype=\"https:\/\/schema.org\/CreativeWork\" ><div class='iconlist_content_wrap'><header class=\"entry-content-header\"><h4 class='av_iconlist_title iconlist_title av_inherit_color'  itemprop=\"headline\"   style='color:#658529; '>Internistische Leistungen<\/h4><\/header><div class='iconlist_content '  itemprop=\"text\"  ><p>Umfassende Diagnostik mittels modernster Ger\u00e4te wie:<\/p>\n<ul>\n<li>EKG, Belastungs-EKG<\/li>\n<li>24 Stunden-Blutdruckmessung<\/li>\n<li>Lungenfunktionsmessung<\/li>\n<li>Pulsoxymetrie<\/li>\n<li>Abdomensonografie<\/li>\n<li>Aterielle Doppleruntersuchung<\/li>\n<li>T\u00e4gliche Labordiagnostik<\/li>\n<\/ul>\n<\/div><\/div><footer class=\"entry-footer\"><\/footer><\/article><div class='iconlist-timeline'><\/div><\/li>\n<li><div  style='background-color:#ffffff; color:#658529; ' class='iconlist_icon  avia-font-entypo-fontello'><span class='iconlist-char' aria-hidden='true' data-av_icon='\ue810' data-av_iconfont='entypo-fontello'><\/span><\/div><article class=\"article-icon-entry \"  itemscope=\"itemscope\" itemtype=\"https:\/\/schema.org\/CreativeWork\" ><div class='iconlist_content_wrap'><header class=\"entry-content-header\"><h4 class='av_iconlist_title iconlist_title av_inherit_color'  itemprop=\"headline\"   style='color:#658529; '>Haus\u00e4rztliche Versorgung<\/h4><\/header><div class='iconlist_content '  itemprop=\"text\"  ><p>Unser Ziel ist eine ganzheitliche und individuelle Therapie f\u00fcr Patienten jeder Altersstufe.<br \/>\nWir m\u00f6chten f\u00fcr Sie der erste Ansprechpartner bei all Ihren Gesundheitsfragen sein.<br \/>\nDazu geh\u00f6ren f\u00fcr uns vor allem:<\/p>\n<ul>\n<li>Krankheitspr\u00e4vention<\/li>\n<li>Therapie<\/li>\n<li>Impfmanagement<\/li>\n<li>Vertrauensvolle Beratung bei k\u00f6rperlichen und seelischen Beschwerden<\/li>\n<li>Gesundheitsvorsorge<\/li>\n<li>Psychosomatische Grundversorgung<\/li>\n<li>Hautkrebsscreening<\/li>\n<li>Prostatakrebsvorsorge<\/li>\n<li>Disease Management Program (Diabetes, KHK, COPD, Asthma bronchiale)<\/li>\n<li>Gesundheitsbelehrung nach \u00a743 Infektionsschutzgesetz<\/li>\n<li>Operationsvorbereitung<\/li>\n<li>Jugendarbeitsschutzuntersuchung<\/li>\n<li>Kinder- und Jugendgesundheitsuntersuchungen<\/li>\n<li>Wundversorgung<\/li>\n<\/ul>\n<\/div><\/div><footer class=\"entry-footer\"><\/footer><\/article><div class='iconlist-timeline'><\/div><\/li>\n<li><div  style='background-color:#ffffff; color:#658529; ' class='iconlist_icon  avia-font-entypo-fontello'><span class='iconlist-char' aria-hidden='true' data-av_icon='\ue810' data-av_iconfont='entypo-fontello'><\/span><\/div><article class=\"article-icon-entry \"  itemscope=\"itemscope\" itemtype=\"https:\/\/schema.org\/CreativeWork\" ><div class='iconlist_content_wrap'><header class=\"entry-content-header\"><h4 class='av_iconlist_title iconlist_title av_inherit_color'  itemprop=\"headline\"   style='color:#658529; '>Naturheilkundliches Spektrum<\/h4><\/header><div class='iconlist_content '  itemprop=\"text\"  ><p>Um unseren Patienten eine hervorragende Alternative zur Symptomlinderung und Therapieunterst\u00fctzung zu bieten, erg\u00e4nzen wir unsere haus\u00e4rztlichen Leistungen durch Naturheilverfahren.<br \/>\nDurch naturheilkundliche Verfahren zur Anregung der Selbstheilungskr\u00e4fte lassen sich zahlreiche Erkrankungen auch ohne schulmedizinische Medikamente behandeln.<\/p>\n<p>Zu unseren naturheilkundlichen Methoden z\u00e4hlen:<\/p>\n<ul>\n<li>Phytotherapie (Pflanzenheilkunde)<\/li>\n<li>Akupunktur<\/li>\n<li>Physikalische Therapie (Elektrotherapie und Ultraschalltherapie)<\/li>\n<li>Neuraltherapie<\/li>\n<li>Hom\u00f6opathie<\/li>\n<li>Ern\u00e4hrungsberatung<\/li>\n<li>Kinesiotaping<\/li>\n<\/ul>\n<\/div><\/div><footer class=\"entry-footer\"><\/footer><\/article><div class='iconlist-timeline'><\/div><\/li>\n<\/ul><\/div>\n<div class=\"flex_column av_two_third  flex_column_div av-zero-column-padding first  \" style='border-radius:0px; '><\/div>\n<div class=\"flex_column av_one_third  flex_column_div av-zero-column-padding   \" style='border-radius:0px; '><\/div>\n","protected":false},"excerpt":{"rendered":"","protected":false},"author":1,"featured_media":0,"parent":0,"menu_order":0,"comment_status":"closed","ping_status":"closed","template":"","meta":[],"_links":{"self":[{"href":"http:\/\/drkirnich-drboros.de\/index.php?rest_route=\/wp\/v2\/pages\/3372"}],"collection":[{"href":"http:\/\/drkirnich-drboros.de\/index.php?rest_route=\/wp\/v2\/pages"}],"about":[{"href":"http:\/\/drkirnich-drboros.de\/index.php?rest_route=\/wp\/v2\/types\/page"}],"author":[{"embeddable":true,"href":"http:\/\/drkirnich-drboros.de\/index.php?rest_route=\/wp\/v2\/users\/1"}],"replies":[{"embeddable":true,"href":"http:\/\/drkirnich-drboros.de\/index.php?rest_route=%2Fwp%2Fv2%2Fcomments&post=3372"}],"version-history":[{"count":38,"href":"http:\/\/drkirnich-drboros.de\/index.php?rest_route=\/wp\/v2\/pages\/3372\/revisions"}],"predecessor-version":[{"id":3623,"href":"http:\/\/drkirnich-drboros.de\/index.php?rest_route=\/wp\/v2\/pages\/3372\/revisions\/3623"}],"wp:attachment":[{"href":"http:\/\/drkirnich-drboros.de\/index.php?rest_route=%2Fwp%2Fv2%2Fmedia&parent=3372"}],"curies":[{"name":"wp","href":"https:\/\/api.w.org\/{rel}","templated":true}]}}