{"id":1167,"date":"2013-04-05T13:33:38","date_gmt":"2013-04-05T13:33:38","guid":{"rendered":"http:\/\/www.kriesi.at\/themes\/enfold\/?page_id=1167"},"modified":"2022-02-28T19:10:29","modified_gmt":"2022-02-28T17:10:29","slug":"kontakt","status":"publish","type":"page","link":"http:\/\/drkirnich-drboros.de\/?page_id=1167","title":{"rendered":"Kontakt"},"content":{"rendered":"<div style='padding-bottom:28px;color:#658529;font-size:28px;' class='av-special-heading av-special-heading-h6 custom-color-heading blockquote modern-quote   av-inherit-size'><h6 class='av-special-heading-tag'  itemprop=\"headline\"  >Unsere Praxis liegt im Herzen von Alt\u00f6tting<\/h6><div class='special-heading-border'><div class='special-heading-inner-border' style='border-color:#658529'><\/div><\/div><\/div>\n<section class=\"av_textblock_section\"  itemscope=\"itemscope\" itemtype=\"https:\/\/schema.org\/CreativeWork\" ><div class='avia_textblock  av_inherit_color'  style='color:#9c9c9c; '  itemprop=\"text\" ><p><strong>Die Praxis finden Sie in der Burghauser Stra\u00dfe 2,\u00a0 im 1. Obergeschoss (mit Aufzug erreichbar). Der Eingang liegt auf der R\u00fcckseite des Geb\u00e4udes. Im Erdgeschoss befindet sich das Spielwarengesch\u00e4ft Sch\u00fctz. Parkm\u00f6glichkeiten auf praxiseigenen Stellpl\u00e4tzen finden Sie hinter dem Geb\u00e4ude, diese sind \u00fcber die Schlotthamer Stra\u00dfe erreichbar. Ferner finden sich in der Umgebung zahlreiche geb\u00fchrenfreie Stellpl\u00e4tze.<\/strong><\/p>\n<\/div><\/section>\n<div class=\"flex_column av_one_half  flex_column_div av-zero-column-padding first  \" style='border-radius:0px; '><p><div class='avia-image-container  av-styling-   avia-align-center '  itemscope=\"itemscope\" itemtype=\"https:\/\/schema.org\/ImageObject\"  ><div class='avia-image-container-inner'><img class='avia_image ' src='http:\/\/drkirnich-drboros.de\/wp-content\/uploads\/2013\/04\/Praxisgebaeude-1030x687.jpg' alt='' title='Praxisgebaeude'   itemprop=\"thumbnailUrl\"  \/><\/div><\/div><br \/>\n<section class=\"av_textblock_section\"  itemscope=\"itemscope\" itemtype=\"https:\/\/schema.org\/CreativeWork\" ><div class='avia_textblock '   itemprop=\"text\" ><p>Au\u00dfenansicht Praxisgeb\u00e4ude<\/p>\n<\/div><\/section><\/p><\/div>\n<div class=\"flex_column av_one_half  flex_column_div av-zero-column-padding   \" style='border-radius:0px; '><div id='av_gmap_1' class='avia-google-map-container' data-mapid='1' style='height: 400px;'><\/div><\/div>\n<div class=\"flex_column av_one_half  flex_column_div av-zero-column-padding first  \" style='border-radius:0px; '><div class='avia-table main_color avia-pricing-table-container  avia_pricing_default avia-table-1 '  itemscope=\"itemscope\" itemtype=\"https:\/\/schema.org\/Table\" ><div class='pricing-table-wrap'><ul class='pricing-table '><li class='avia-heading-row'><div class='first-table-item'>Sprechzeiten<\/div><span class='pricing-extra'><\/span><\/li><li class=''>Montag 8:00 &#8211; 12:00<\/li><li class=''>Dienstag 8:00 &#8211; 12:00 und 16:00 &#8211; 18:00<\/li><li class=''>Mittwoch 8:00 &#8211; 12:00<\/li><li class=''>Donnerstag 8:00 &#8211; 12:00 und 16:00 &#8211; 18:00<\/li><li class=''>Freitag 8:00 &#8211; 12:00<\/li><\/ul><\/div><\/div><\/div>\n<div class=\"flex_column av_one_half  flex_column_div av-zero-column-padding   \" style='border-radius:0px; '><p><div class='avia-table main_color avia-pricing-table-container  avia_pricing_default avia-table-2 '  itemscope=\"itemscope\" itemtype=\"https:\/\/schema.org\/Table\" ><div class='pricing-table-wrap'><ul class='pricing-table '><li class='avia-heading-row'><div class='first-table-item'>Telefonzeiten<\/div><span class='pricing-extra'><\/span><\/li><li class=''>Montag 8:00 &#8211; 18:00<\/li><li class=''>Dienstag 8:00 &#8211; 13:00 und 15:00 &#8211; 19:00<\/li><li class=''>Mittwoch 8:00 &#8211; 15:00<\/li><li class=''>Donnerstag 8:00 &#8211; 13:00 und 15:00 &#8211; 19:00<\/li><li class=''>Freitag 8:00 &#8211; 16:00<\/li><\/ul><\/div><\/div><br \/>\n<div class='avia-table main_color avia-pricing-table-container  avia_pricing_default avia-table-3 '  itemscope=\"itemscope\" itemtype=\"https:\/\/schema.org\/Table\" ><div class='pricing-table-wrap'><ul class='pricing-table '><li class='avia-heading-row'><div class='first-table-item'>Kontakt<\/div><span class='pricing-extra'><\/span><\/li><li class=''>Telefon: 08671\/13240<\/li><li class=''>Fax: 08671\/888309<\/li><\/ul><\/div><\/div><\/p><\/div>\n","protected":false},"excerpt":{"rendered":"","protected":false},"author":1,"featured_media":0,"parent":1122,"menu_order":0,"comment_status":"open","ping_status":"open","template":"","meta":[],"_links":{"self":[{"href":"http:\/\/drkirnich-drboros.de\/index.php?rest_route=\/wp\/v2\/pages\/1167"}],"collection":[{"href":"http:\/\/drkirnich-drboros.de\/index.php?rest_route=\/wp\/v2\/pages"}],"about":[{"href":"http:\/\/drkirnich-drboros.de\/index.php?rest_route=\/wp\/v2\/types\/page"}],"author":[{"embeddable":true,"href":"http:\/\/drkirnich-drboros.de\/index.php?rest_route=\/wp\/v2\/users\/1"}],"replies":[{"embeddable":true,"href":"http:\/\/drkirnich-drboros.de\/index.php?rest_route=%2Fwp%2Fv2%2Fcomments&post=1167"}],"version-history":[{"count":45,"href":"http:\/\/drkirnich-drboros.de\/index.php?rest_route=\/wp\/v2\/pages\/1167\/revisions"}],"predecessor-version":[{"id":3636,"href":"http:\/\/drkirnich-drboros.de\/index.php?rest_route=\/wp\/v2\/pages\/1167\/revisions\/3636"}],"up":[{"embeddable":true,"href":"http:\/\/drkirnich-drboros.de\/index.php?rest_route=\/wp\/v2\/pages\/1122"}],"wp:attachment":[{"href":"http:\/\/drkirnich-drboros.de\/index.php?rest_route=%2Fwp%2Fv2%2Fmedia&parent=1167"}],"curies":[{"name":"wp","href":"https:\/\/api.w.org\/{rel}","templated":true}]}}